{"id":9305,"date":"2019-05-09T15:39:32","date_gmt":"2019-05-09T15:39:32","guid":{"rendered":"https:\/\/www.chateaudebossey.ch\/banquets\/"},"modified":"2025-03-20T15:21:48","modified_gmt":"2025-03-20T15:21:48","slug":"banquets","status":"publish","type":"page","link":"https:\/\/www.chateaudebossey.ch\/fr\/banquets\/","title":{"rendered":"Banquets"},"content":{"rendered":"<p>[et_pb_section fb_built=\u00a0\u00bb1&Prime; module_id=\u00a0\u00bbheader-intern-section\u00a0\u00bb _builder_version=\u00a0\u00bb3.22.7&Prime;][et_pb_row _builder_version=\u00a0\u00bb3.25&Prime; background_image=\u00a0\u00bbhttps:\/\/www.chateaudebossey.ch\/wp-content\/uploads\/2019\/05\/chateau-de-bossey-header-intern-1.jpg\u00a0\u00bb width=\u00a0\u00bb100%\u00a0\u00bb][et_pb_column type=\u00a0\u00bb4_4&Prime; _builder_version=\u00a0\u00bb3.25&Prime; custom_padding=\u00a0\u00bb|||\u00a0\u00bb custom_padding__hover=\u00a0\u00bb|||\u00a0\u00bb][et_pb_text admin_label=\u00a0\u00bbTitle\u00a0\u00bb _builder_version=\u00a0\u00bb3.27.4&Prime; text_font=\u00a0\u00bb||||||||\u00a0\u00bb header_font=\u00a0\u00bb|700|||||||\u00a0\u00bb header_text_align=\u00a0\u00bbcenter\u00a0\u00bb header_text_color=\u00a0\u00bb#ffffff\u00a0\u00bb header_font_size=\u00a0\u00bb78px\u00a0\u00bb text_orientation=\u00a0\u00bbcenter\u00a0\u00bb]<\/p>\n<h1>Banquets<\/h1>\n<p>[\/et_pb_text][\/et_pb_column][\/et_pb_row][\/et_pb_section][et_pb_section fb_built=\u00a0\u00bb1&Prime; _builder_version=\u00a0\u00bb3.22.7&Prime;][et_pb_row column_structure=\u00a0\u00bb1_2,1_2&Prime; make_equal=\u00a0\u00bbon\u00a0\u00bb admin_label=\u00a0\u00bbIntroduction\u00a0\u00bb module_class=\u00a0\u00bbtext-diapo-row\u00a0\u00bb _builder_version=\u00a0\u00bb3.25&Prime;][et_pb_column type=\u00a0\u00bb1_2&Prime; module_class=\u00a0\u00bbtext-diapo-column-1&Prime; _builder_version=\u00a0\u00bb3.25&Prime; custom_padding=\u00a0\u00bb|||\u00a0\u00bb custom_padding__hover=\u00a0\u00bb|||\u00a0\u00bb][et_pb_text admin_label=\u00a0\u00bbTitre row \u00a0\u00bb _builder_version=\u00a0\u00bb3.27.4&Prime; text_font=\u00a0\u00bb||||||||\u00a0\u00bb header_font=\u00a0\u00bb||||||||\u00a0\u00bb header_2_font=\u00a0\u00bbMontserrat Bold|700|||||||\u00a0\u00bb header_2_text_color=\u00a0\u00bb#373737&Prime; header_2_font_size=\u00a0\u00bb28px\u00a0\u00bb animation_style=\u00a0\u00bbslide\u00a0\u00bb animation_direction=\u00a0\u00bbleft\u00a0\u00bb animation_intensity_slide=\u00a0\u00bb10%\u00a0\u00bb]<\/p>\n<h2><span>Partager <\/span><\/h2>\n<p>[\/et_pb_text][et_pb_text admin_label=\u00a0\u00bbTexte intro\u00a0\u00bb _builder_version=\u00a0\u00bb3.27.4&Prime; text_font=\u00a0\u00bbIstokweb Regular||||||||\u00a0\u00bb text_text_color=\u00a0\u00bb#373737&Prime; animation_style=\u00a0\u00bbslide\u00a0\u00bb animation_direction=\u00a0\u00bbleft\u00a0\u00bb animation_intensity_slide=\u00a0\u00bb10%\u00a0\u00bb]<\/p>\n<p style=\"text-align: justify;\">Le Ch\u00e2teau de Bossey dispose d\u2019un restaurant en self-service ouvert 7j\/7 ainsi que d\u2019un service de banquet. Nos salons, notre salle historique l\u2019Orangerie, ainsi que notre terrasse \/ jardin vous accueillent pour vos r\u00e9ceptions, ap\u00e9ritifs ou banquets.<\/p>\n<p>[\/et_pb_text][\/et_pb_column][et_pb_column type=\u00a0\u00bb1_2&Prime; _builder_version=\u00a0\u00bb3.25&Prime; custom_padding=\u00a0\u00bb|||\u00a0\u00bb custom_padding__hover=\u00a0\u00bb|||\u00a0\u00bb][et_pb_slider module_class=\u00a0\u00bbseminars-diapo-module\u00a0\u00bb _builder_version=\u00a0\u00bb3.22.7&Prime; animation_style=\u00a0\u00bbslide\u00a0\u00bb animation_direction=\u00a0\u00bbright\u00a0\u00bb animation_intensity_slide=\u00a0\u00bb10%\u00a0\u00bb auto=\u00a0\u00bbon\u00a0\u00bb auto_speed=\u00a0\u00bb3000&Prime;][et_pb_slide _builder_version=\u00a0\u00bb3.22.7&Prime; background_image=\u00a0\u00bbhttps:\/\/www.chateaudebossey.ch\/wp-content\/uploads\/2019\/05\/chateau-de-bossey-banquets-mariage.jpg\u00a0\u00bb sticky_transition=\u00a0\u00bbon\u00a0\u00bb][\/et_pb_slide][et_pb_slide _builder_version=\u00a0\u00bb3.22.7&Prime; background_image=\u00a0\u00bbhttps:\/\/www.chateaudebossey.ch\/wp-content\/uploads\/2019\/05\/chateau-de-bossey-banquets-621&#215;315.jpg\u00a0\u00bb sticky_transition=\u00a0\u00bbon\u00a0\u00bb][\/et_pb_slide][et_pb_slide _builder_version=\u00a0\u00bb3.22.7&Prime; background_image=\u00a0\u00bbhttps:\/\/www.chateaudebossey.ch\/wp-content\/uploads\/2019\/05\/chateau-de-bossey-banquets-mariage-dehors.jpg\u00a0\u00bb sticky_transition=\u00a0\u00bbon\u00a0\u00bb][\/et_pb_slide][et_pb_slide _builder_version=\u00a0\u00bb3.22.7&Prime; background_image=\u00a0\u00bbhttps:\/\/www.chateaudebossey.ch\/wp-content\/uploads\/2019\/05\/chateau-de-bossey-banquets.jpg\u00a0\u00bb sticky_transition=\u00a0\u00bbon\u00a0\u00bb][\/et_pb_slide][\/et_pb_slider][\/et_pb_column][\/et_pb_row][\/et_pb_section][et_pb_section fb_built=\u00a0\u00bb1&Prime; module_class=\u00a0\u00bbbanquets-section-button-brochure\u00a0\u00bb _builder_version=\u00a0\u00bb3.22.7&Prime;][et_pb_row column_structure=\u00a0\u00bb2_5,3_5&Prime; make_equal=\u00a0\u00bbon\u00a0\u00bb admin_label=\u00a0\u00bbIntroduction\u00a0\u00bb _builder_version=\u00a0\u00bb3.25&Prime;][et_pb_column type=\u00a0\u00bb2_5&Prime; _builder_version=\u00a0\u00bb3.25&Prime; custom_padding=\u00a0\u00bb|||\u00a0\u00bb custom_padding__hover=\u00a0\u00bb|||\u00a0\u00bb][et_pb_image src=\u00a0\u00bbhttps:\/\/www.chateaudebossey.ch\/wp-content\/uploads\/2019\/05\/chateau-de-bossey-home-bloc-celebrate.jpg\u00a0\u00bb align_tablet=\u00a0\u00bbcenter\u00a0\u00bb align_phone=\u00a0\u00bb\u00a0\u00bb align_last_edited=\u00a0\u00bbon|desktop\u00a0\u00bb _builder_version=\u00a0\u00bb3.23&Prime; animation_style=\u00a0\u00bbslide\u00a0\u00bb animation_direction=\u00a0\u00bbleft\u00a0\u00bb animation_intensity_slide=\u00a0\u00bb10%\u00a0\u00bb][\/et_pb_image][\/et_pb_column][et_pb_column type=\u00a0\u00bb3_5&Prime; module_class=\u00a0\u00bbbanquets-list-column-row\u00a0\u00bb _builder_version=\u00a0\u00bb3.25&Prime; custom_padding=\u00a0\u00bb|||\u00a0\u00bb custom_padding__hover=\u00a0\u00bb|||\u00a0\u00bb][et_pb_text admin_label=\u00a0\u00bbTexte Summer \/ Winter\u00a0\u00bb module_class=\u00a0\u00bbbanquets-summer-winter-text\u00a0\u00bb _builder_version=\u00a0\u00bb3.27.4&Prime; text_font=\u00a0\u00bbIstokweb Regular||||||||\u00a0\u00bb text_text_color=\u00a0\u00bb#373737&Prime; animation_style=\u00a0\u00bbslide\u00a0\u00bb animation_direction=\u00a0\u00bbright\u00a0\u00bb animation_intensity_slide=\u00a0\u00bb10%\u00a0\u00bb z_index_tablet=\u00a0\u00bb500&Prime;]<\/p>\n<ul style=\"text-align: justify;\">\n<li class=\"banquets-li-margin\"><span>Durant la saison estivale, notre terrasse ainsi que notre parc nous permettent d\u2019accueillir des \u00e9v\u00e8nements jusqu\u2019\u00e0 600 personnes. <\/span><\/li>\n<li class=\"banquets-li-margin\"><span>Durant la saison hivernale, nous vous accueillons pour votre \u00e9v\u00e8nement jusqu&rsquo;\u00e0 160 personnes assises et 200 <\/span><span>personnes pour une r\u00e9ception cocktail. <\/span><\/li>\n<\/ul>\n<p><span>Que vous cherchiez un endroit pour votre mariage, une soir\u00e9e d\u2019entreprise ou tout simplement un anniversaire, nous saurons vous proposer un \u00e9v\u00e8nement sur mesure. <\/span><\/p>\n<p>[\/et_pb_text][et_pb_button button_url=\u00a0\u00bb\/wp-content\/uploads\/2025\/03\/Brochure_catering_2025.pdf\u00a0\u00bb url_new_window=\u00a0\u00bbon\u00a0\u00bb button_text=\u00a0\u00bbT\u00e9l\u00e9charger la brochure\u00a0\u00bb button_alignment=\u00a0\u00bbcenter\u00a0\u00bb disabled_on=\u00a0\u00bboff|off|off\u00a0\u00bb admin_label=\u00a0\u00bbBouton brochure\u00a0\u00bb _builder_version=\u00a0\u00bb4.9.4&Prime; custom_button=\u00a0\u00bbon\u00a0\u00bb button_text_size=\u00a0\u00bb14px\u00a0\u00bb button_border_color=\u00a0\u00bb#37ab49&Prime; button_font=\u00a0\u00bbMontserrat Bold|700|||||||\u00a0\u00bb custom_padding=\u00a0\u00bb10px|10px|10px|10px|true|true\u00a0\u00bb hover_enabled=\u00a0\u00bb0&Prime; button_text_size_tablet=\u00a0\u00bb15px\u00a0\u00bb button_text_size_phone=\u00a0\u00bb\u00a0\u00bb button_text_size_last_edited=\u00a0\u00bbon|desktop\u00a0\u00bb button_text_color__hover_enabled=\u00a0\u00bbon\u00a0\u00bb button_text_color__hover=\u00a0\u00bb#ffffff\u00a0\u00bb button_bg_color__hover_enabled=\u00a0\u00bbon\u00a0\u00bb button_bg_color__hover=\u00a0\u00bb#37ab49&Prime; sticky_enabled=\u00a0\u00bb0&Prime;][\/et_pb_button][\/et_pb_column][\/et_pb_row][\/et_pb_section][et_pb_section fb_built=\u00a0\u00bb1&Prime; admin_label=\u00a0\u00bbFOOTER EN\u00a0\u00bb module_id=\u00a0\u00bbfooter\u00a0\u00bb module_class=\u00a0\u00bbfooter\u00a0\u00bb _builder_version=\u00a0\u00bb3.22.7&Prime; width=\u00a0\u00bb100%\u00a0\u00bb global_module=\u00a0\u00bb9286&Prime; saved_tabs=\u00a0\u00bball\u00a0\u00bb][et_pb_row column_structure=\u00a0\u00bb1_4,1_4,1_4,1_4&Prime; disabled_on=\u00a0\u00bboff|off|off\u00a0\u00bb admin_label=\u00a0\u00bbVagues + logo\u00a0\u00bb module_class=\u00a0\u00bbfooter-logo-vagues\u00a0\u00bb _builder_version=\u00a0\u00bb3.25&Prime; background_image=\u00a0\u00bbhttps:\/\/www.chateaudebossey.ch\/wp-content\/uploads\/2019\/05\/chateau-de-bossey-vagues.png\u00a0\u00bb width=\u00a0\u00bb100%\u00a0\u00bb max_width=\u00a0\u00bb1920px\u00a0\u00bb height=\u00a0\u00bb446px\u00a0\u00bb custom_margin=\u00a0\u00bb||||true\u00a0\u00bb][et_pb_column type=\u00a0\u00bb1_4&Prime; _builder_version=\u00a0\u00bb3.25&Prime; custom_padding=\u00a0\u00bb|||\u00a0\u00bb custom_padding__hover=\u00a0\u00bb|||\u00a0\u00bb][et_pb_image src=\u00a0\u00bbhttps:\/\/www.chateaudebossey.ch\/wp-content\/uploads\/2019\/05\/chateau-de-bossey-logo-plein-vert.png\u00a0\u00bb align_tablet=\u00a0\u00bbcenter\u00a0\u00bb align_phone=\u00a0\u00bb\u00a0\u00bb align_last_edited=\u00a0\u00bbon|desktop\u00a0\u00bb admin_label=\u00a0\u00bbLogo \u00a0\u00bb module_class=\u00a0\u00bbfooter-logo-vert\u00a0\u00bb _builder_version=\u00a0\u00bb3.23&Prime; max_width=\u00a0\u00bb250px\u00a0\u00bb][\/et_pb_image][\/et_pb_column][et_pb_column type=\u00a0\u00bb1_4&Prime; _builder_version=\u00a0\u00bb3.25&Prime; custom_padding=\u00a0\u00bb|||\u00a0\u00bb custom_padding__hover=\u00a0\u00bb|||\u00a0\u00bb][\/et_pb_column][et_pb_column type=\u00a0\u00bb1_4&Prime; _builder_version=\u00a0\u00bb3.25&Prime; custom_padding=\u00a0\u00bb|||\u00a0\u00bb custom_padding__hover=\u00a0\u00bb|||\u00a0\u00bb][\/et_pb_column][et_pb_column type=\u00a0\u00bb1_4&Prime; _builder_version=\u00a0\u00bb3.25&Prime; custom_padding=\u00a0\u00bb|||\u00a0\u00bb custom_padding__hover=\u00a0\u00bb|||\u00a0\u00bb][\/et_pb_column][\/et_pb_row][et_pb_row _builder_version=\u00a0\u00bb3.25&Prime; width=\u00a0\u00bb100%\u00a0\u00bb max_width=\u00a0\u00bb1920px\u00a0\u00bb min_height=\u00a0\u00bb440px\u00a0\u00bb custom_padding=\u00a0\u00bb0px||0px\u00a0\u00bb][et_pb_column type=\u00a0\u00bb4_4&Prime; _builder_version=\u00a0\u00bb3.25&Prime; custom_padding=\u00a0\u00bb|||\u00a0\u00bb custom_padding__hover=\u00a0\u00bb|||\u00a0\u00bb][et_pb_cta button_url=\u00a0\u00bbhttps:\/\/reservations.hotel-spider.com\/01n57760a015637a\u00a0\u00bb url_new_window=\u00a0\u00bbon\u00a0\u00bb button_text=\u00a0\u00bbR\u00e9server\u00a0\u00bb admin_label=\u00a0\u00bbR\u00e9server + bg\u00a0\u00bb module_class=\u00a0\u00bbfooter-book\u00a0\u00bb _builder_version=\u00a0\u00bb4.9.4&Prime; body_font=\u00a0\u00bbIstokweb Regular||||||||\u00a0\u00bb background_image=\u00a0\u00bbhttps:\/\/www.chateaudebossey.ch\/wp-content\/uploads\/2019\/05\/chateau-de-bossey-footer-1920&#215;460.jpg\u00a0\u00bb custom_button=\u00a0\u00bbon\u00a0\u00bb button_text_size=\u00a0\u00bb16px\u00a0\u00bb button_text_color=\u00a0\u00bb#ffffff\u00a0\u00bb button_bg_color=\u00a0\u00bb#37ab49&Prime; button_font=\u00a0\u00bbMontserrat Bold|700|||||||\u00a0\u00bb button_use_icon=\u00a0\u00bboff\u00a0\u00bb text_orientation=\u00a0\u00bbjustified\u00a0\u00bb custom_padding=\u00a0\u00bb||||true|true\u00a0\u00bb][\/et_pb_cta][\/et_pb_column][\/et_pb_row][et_pb_row column_structure=\u00a0\u00bb1_3,1_3,1_3&Prime; disabled_on=\u00a0\u00bbon|on|off\u00a0\u00bb module_class=\u00a0\u00bbfooter-bloc-infos\u00a0\u00bb _builder_version=\u00a0\u00bb3.25&Prime; custom_padding=\u00a0\u00bb15px||15px||true\u00a0\u00bb][et_pb_column type=\u00a0\u00bb1_3&Prime; _builder_version=\u00a0\u00bb3.25&Prime; custom_padding=\u00a0\u00bb|||\u00a0\u00bb custom_padding__hover=\u00a0\u00bb|||\u00a0\u00bb][et_pb_blurb url=\u00a0\u00bbhttps:\/\/goo.gl\/maps\/JmmuokwCV5yUaLER6&Prime; use_icon=\u00a0\u00bbon\u00a0\u00bb font_icon=\u00a0\u00bb%%249%%\u00a0\u00bb icon_placement=\u00a0\u00bbleft\u00a0\u00bb use_icon_font_size=\u00a0\u00bbon\u00a0\u00bb icon_font_size=\u00a0\u00bb22px\u00a0\u00bb admin_label=\u00a0\u00bbAdresse\u00a0\u00bb module_class=\u00a0\u00bbfooter-adress-icon\u00a0\u00bb _builder_version=\u00a0\u00bb3.22.7&Prime; header_font=\u00a0\u00bb||||||||\u00a0\u00bb body_font=\u00a0\u00bbRoboto Regular||||||||\u00a0\u00bb body_text_color=\u00a0\u00bb#373737&Prime; body_font_size=\u00a0\u00bb16px\u00a0\u00bb body_line_height=\u00a0\u00bb1.4em\u00a0\u00bb body_font_size_tablet=\u00a0\u00bb\u00a0\u00bb body_font_size_phone=\u00a0\u00bb16px\u00a0\u00bb body_font_size_last_edited=\u00a0\u00bbon|desktop\u00a0\u00bb]<\/p>\n<p><a href=\"https:\/\/goo.gl\/maps\/JmmuokwCV5yUaLER6\" target=\"_blank\" rel=\"noopener noreferrer\">Chemin Chenevi\u00e8re 2,<br \/>\n1279 Bogis-Bossey (VD)<br \/>\nSuisse<\/a><\/p>\n<p>[\/et_pb_blurb][\/et_pb_column][et_pb_column type=\u00a0\u00bb1_3&Prime; _builder_version=\u00a0\u00bb3.25&Prime; custom_padding=\u00a0\u00bb|||\u00a0\u00bb custom_padding__hover=\u00a0\u00bb|||\u00a0\u00bb][et_pb_blurb url=\u00a0\u00bbtel:+41(0)229607300&Prime; use_icon=\u00a0\u00bbon\u00a0\u00bb font_icon=\u00a0\u00bb%%264%%\u00a0\u00bb icon_placement=\u00a0\u00bbleft\u00a0\u00bb use_icon_font_size=\u00a0\u00bbon\u00a0\u00bb icon_font_size=\u00a0\u00bb22px\u00a0\u00bb admin_label=\u00a0\u00bbtel\u00a0\u00bb _builder_version=\u00a0\u00bb3.22.7&Prime; header_font=\u00a0\u00bb||||||||\u00a0\u00bb body_font=\u00a0\u00bbRoboto Regular||||||||\u00a0\u00bb body_text_color=\u00a0\u00bb#373737&Prime; body_font_size=\u00a0\u00bb16px\u00a0\u00bb body_font_size_tablet=\u00a0\u00bb\u00a0\u00bb body_font_size_phone=\u00a0\u00bb16px\u00a0\u00bb body_font_size_last_edited=\u00a0\u00bbon|desktop\u00a0\u00bb]<\/p>\n<p><a href=\"tel:+41(0)229607300\">+41 (0)22 960 73 00<\/a><\/p>\n<p>[\/et_pb_blurb][\/et_pb_column][et_pb_column type=\u00a0\u00bb1_3&Prime; _builder_version=\u00a0\u00bb3.25&Prime; custom_padding=\u00a0\u00bb|||\u00a0\u00bb custom_padding__hover=\u00a0\u00bb|||\u00a0\u00bb][et_pb_blurb url=\u00a0\u00bbmailto:bossey@wcc-coe.org\u00a0\u00bb use_icon=\u00a0\u00bbon\u00a0\u00bb font_icon=\u00a0\u00bb%%238%%\u00a0\u00bb icon_placement=\u00a0\u00bbleft\u00a0\u00bb use_icon_font_size=\u00a0\u00bbon\u00a0\u00bb icon_font_size=\u00a0\u00bb22px\u00a0\u00bb admin_label=\u00a0\u00bbmail\u00a0\u00bb _builder_version=\u00a0\u00bb3.22.7&Prime; body_font=\u00a0\u00bbRoboto Regular||||||||\u00a0\u00bb body_text_color=\u00a0\u00bb#373737&Prime; body_font_size=\u00a0\u00bb16px\u00a0\u00bb body_font_size_tablet=\u00a0\u00bb\u00a0\u00bb body_font_size_phone=\u00a0\u00bb16px\u00a0\u00bb body_font_size_last_edited=\u00a0\u00bbon|desktop\u00a0\u00bb]<\/p>\n<p><a href=\"mailto:bossey@wcc-coe.org\">bossey@wcc-coe.org<\/a><\/p>\n<p>[\/et_pb_blurb][\/et_pb_column][\/et_pb_row][et_pb_row module_class=\u00a0\u00bbfooter-legal-notice\u00a0\u00bb _builder_version=\u00a0\u00bb3.25&Prime; background_color=\u00a0\u00bb#37ab49&Prime; width=\u00a0\u00bb100%\u00a0\u00bb max_width=\u00a0\u00bb1920px\u00a0\u00bb custom_padding=\u00a0\u00bb17px||17px||true\u00a0\u00bb][et_pb_column type=\u00a0\u00bb4_4&Prime; _builder_version=\u00a0\u00bb3.25&Prime; custom_padding=\u00a0\u00bb|||\u00a0\u00bb custom_padding__hover=\u00a0\u00bb|||\u00a0\u00bb][et_pb_text module_class=\u00a0\u00bbfooter-legal-notices-mod\u00a0\u00bb _builder_version=\u00a0\u00bb3.27.4&Prime; text_font=\u00a0\u00bbRoboto Regular||||||||\u00a0\u00bb text_text_color=\u00a0\u00bb#ffffff\u00a0\u00bb link_font=\u00a0\u00bbRoboto Regular||||||||\u00a0\u00bb link_text_color=\u00a0\u00bb#ffffff\u00a0\u00bb link_font_size=\u00a0\u00bb16px\u00a0\u00bb header_2_font=\u00a0\u00bbMontserrat Bold||||||||\u00a0\u00bb header_2_text_color=\u00a0\u00bb#373737&Prime; header_2_font_size=\u00a0\u00bb28px\u00a0\u00bb text_font_size_tablet=\u00a0\u00bb\u00a0\u00bb text_font_size_phone=\u00a0\u00bb16px\u00a0\u00bb text_font_size_last_edited=\u00a0\u00bbon|phone\u00a0\u00bb z_index_tablet=\u00a0\u00bb500&Prime;]<\/p>\n<p><a href=\"#\">Ch\u00e2teau de Bossey<\/a><\/p>\n<p><a href=\"\/fr\/mentions-legales\">Mentions l\u00e9gales&nbsp;<\/a>| <a style=\"cursor: pointer\" data-href=\"#moove_gdpr_cookie_modal\">RGPD<\/a><\/p>\n<p>[\/et_pb_text][et_pb_image src=\u00a0\u00bbhttps:\/\/www.chateaudebossey.ch\/wp-content\/uploads\/2019\/05\/chateau-de-bossey-logo-conseil-oecumenique-EN.png\u00a0\u00bb url=\u00a0\u00bbhttps:\/\/www.oikoumene.org\u00a0\u00bb url_new_window=\u00a0\u00bbon\u00a0\u00bb align_tablet=\u00a0\u00bbcenter\u00a0\u00bb align_phone=\u00a0\u00bb\u00a0\u00bb align_last_edited=\u00a0\u00bbon|desktop\u00a0\u00bb module_class=\u00a0\u00bbfooter-legal-notices-img\u00a0\u00bb _builder_version=\u00a0\u00bb3.23&Prime;][\/et_pb_image][\/et_pb_column][\/et_pb_row][\/et_pb_section][et_pb_section fb_built=\u00a0\u00bb1&Prime; disabled_on=\u00a0\u00bb||on\u00a0\u00bb admin_label=\u00a0\u00bbMobile Sticky Footer | Section | EN\u00a0\u00bb module_class=\u00a0\u00bbmobile-sticky-footer\u00a0\u00bb _builder_version=\u00a0\u00bb3.22.7&Prime; background_color=\u00a0\u00bb#37ab49&Prime; custom_padding=\u00a0\u00bb0px|0px|0px|0px\u00a0\u00bb custom_css_main_element=\u00a0\u00bb position: fixed;|| z-index: 1100;|| width: 100%;|| bottom: 0;|| height: 50px;\u00a0\u00bb box_shadow_style=\u00a0\u00bbpreset1&Prime; global_module=\u00a0\u00bb9283&Prime;][et_pb_row use_custom_gutter=\u00a0\u00bbon\u00a0\u00bb gutter_width=\u00a0\u00bb1&Prime; admin_label=\u00a0\u00bbMobile Sticky Footer | Row\u00a0\u00bb _builder_version=\u00a0\u00bb3.25&Prime; width=\u00a0\u00bb100%\u00a0\u00bb max_width=\u00a0\u00bb100%\u00a0\u00bb custom_padding=\u00a0\u00bb4px|0px|15px|0px\u00a0\u00bb use_custom_width=\u00a0\u00bbon\u00a0\u00bb width_unit=\u00a0\u00bboff\u00a0\u00bb custom_width_percent=\u00a0\u00bb100%\u00a0\u00bb][et_pb_column type=\u00a0\u00bb4_4&Prime; _builder_version=\u00a0\u00bb3.25&Prime; custom_padding=\u00a0\u00bb|||\u00a0\u00bb custom_padding__hover=\u00a0\u00bb|||\u00a0\u00bb][et_pb_text admin_label=\u00a0\u00bbMobile-Sticky-Footer\u00a0\u00bb _builder_version=\u00a0\u00bb3.27.4&Prime; text_font=\u00a0\u00bbMontserrat|300|||||||\u00a0\u00bb text_text_color=\u00a0\u00bb#977486&Prime; text_font_size=\u00a0\u00bb16px\u00a0\u00bb header_2_font=\u00a0\u00bbMontserrat Bold||||||||\u00a0\u00bb header_2_text_color=\u00a0\u00bb#373737&Prime; header_2_font_size=\u00a0\u00bb28px\u00a0\u00bb custom_padding=\u00a0\u00bb12px|20px|20px|20px||true\u00a0\u00bb]<\/p>\n<p><a href=\"tel:+41(0)229607300\"><img loading=\"lazy\" decoding=\"async\" src=\"https:\/\/www.chateaudebossey.ch\/wp-content\/uploads\/2019\/05\/chateau-de-bossey-picto-tel-.png\" width=\"24\" height=\"24\" alt=\"Chateau de Bossey - Picto tel\" class=\"wp-image-1428 alignnone size-full\" \/><\/a><a href=\"mailto:bossey@wcc-coe.org\"><img loading=\"lazy\" decoding=\"async\" src=\"https:\/\/www.chateaudebossey.ch\/wp-content\/uploads\/2019\/05\/chateau-de-bossey-picto-mail-1.png\" width=\"24\" height=\"24\" alt=\"Chateau de Bossey - Picto mail\" class=\"wp-image-1427 alignnone size-full\" \/><\/a><a href=\"https:\/\/goo.gl\/maps\/tpD14tLpaPi17rHy6\" target=\"_blank\" rel=\"noopener noreferrer\"><img loading=\"lazy\" decoding=\"async\" src=\"https:\/\/www.chateaudebossey.ch\/wp-content\/uploads\/2019\/05\/chateau-de-bossey-picto-map.png\" width=\"24\" height=\"24\" alt=\"Chateau de Bossey - Picto pin\" class=\"wp-image-1426 alignnone size-full\" \/><\/a><\/p>\n<p>[\/et_pb_text][\/et_pb_column][\/et_pb_row][\/et_pb_section]<\/p>\n","protected":false},"excerpt":{"rendered":"<p>[et_pb_section fb_built=\u00a0\u00bb1&Prime; module_id=\u00a0\u00bbheader-intern-section\u00a0\u00bb _builder_version=\u00a0\u00bb3.22.7&Prime;][et_pb_row _builder_version=\u00a0\u00bb3.25&Prime; background_image=\u00a0\u00bbhttps:\/\/www.chateaudebossey.ch\/wp-content\/uploads\/2019\/05\/chateau-de-bossey-header-intern-1.jpg\u00a0\u00bb width=\u00a0\u00bb100%\u00a0\u00bb][et_pb_column type=\u00a0\u00bb4_4&Prime; _builder_version=\u00a0\u00bb3.25&Prime; custom_padding=\u00a0\u00bb|||\u00a0\u00bb custom_padding__hover=\u00a0\u00bb|||\u00a0\u00bb][et_pb_text admin_label=\u00a0\u00bbTitle\u00a0\u00bb _builder_version=\u00a0\u00bb3.27.4&Prime; text_font=\u00a0\u00bb||||||||\u00a0\u00bb header_font=\u00a0\u00bb|700|||||||\u00a0\u00bb header_text_align=\u00a0\u00bbcenter\u00a0\u00bb header_text_color=\u00a0\u00bb#ffffff\u00a0\u00bb header_font_size=\u00a0\u00bb78px\u00a0\u00bb text_orientation=\u00a0\u00bbcenter\u00a0\u00bb] Banquets [\/et_pb_text][\/et_pb_column][\/et_pb_row][\/et_pb_section][et_pb_section fb_built=\u00a0\u00bb1&Prime; _builder_version=\u00a0\u00bb3.22.7&Prime;][et_pb_row column_structure=\u00a0\u00bb1_2,1_2&Prime; make_equal=\u00a0\u00bbon\u00a0\u00bb admin_label=\u00a0\u00bbIntroduction\u00a0\u00bb module_class=\u00a0\u00bbtext-diapo-row\u00a0\u00bb _builder_version=\u00a0\u00bb3.25&Prime;][et_pb_column type=\u00a0\u00bb1_2&Prime; module_class=\u00a0\u00bbtext-diapo-column-1&Prime; _builder_version=\u00a0\u00bb3.25&Prime; custom_padding=\u00a0\u00bb|||\u00a0\u00bb custom_padding__hover=\u00a0\u00bb|||\u00a0\u00bb][et_pb_text admin_label=\u00a0\u00bbTitre row \u00a0\u00bb _builder_version=\u00a0\u00bb3.27.4&Prime; text_font=\u00a0\u00bb||||||||\u00a0\u00bb header_font=\u00a0\u00bb||||||||\u00a0\u00bb header_2_font=\u00a0\u00bbMontserrat Bold|700|||||||\u00a0\u00bb header_2_text_color=\u00a0\u00bb#373737&Prime; header_2_font_size=\u00a0\u00bb28px\u00a0\u00bb animation_style=\u00a0\u00bbslide\u00a0\u00bb animation_direction=\u00a0\u00bbleft\u00a0\u00bb animation_intensity_slide=\u00a0\u00bb10%\u00a0\u00bb] Partager [\/et_pb_text][et_pb_text admin_label=\u00a0\u00bbTexte intro\u00a0\u00bb _builder_version=\u00a0\u00bb3.27.4&Prime; text_font=\u00a0\u00bbIstokweb Regular||||||||\u00a0\u00bb text_text_color=\u00a0\u00bb#373737&Prime; animation_style=\u00a0\u00bbslide\u00a0\u00bb [&hellip;]<\/p>\n","protected":false},"author":1,"featured_media":0,"parent":0,"menu_order":0,"comment_status":"closed","ping_status":"closed","template":"","meta":{"_et_pb_use_builder":"on","_et_pb_old_content":"","_et_gb_content_width":"","footnotes":""},"class_list":["post-9305","page","type-page","status-publish","hentry"],"yoast_head":"<!-- This site is optimized with the Yoast SEO plugin v16.3 - https:\/\/yoast.com\/wordpress\/plugins\/seo\/ -->\n<title>Banquets | Ch\u00e2teau de Bossey | Suisse<\/title>\n<meta name=\"description\" content=\"Notre salle historique de l&#039;Orangerie ainsi que notre terrasse et jardin, vous accueille pour vos r\u00e9ceptions, cocktails ou banquets au Ch\u00e2teau de Bossey.\" \/>\n<meta name=\"robots\" content=\"index, follow, max-snippet:-1, max-image-preview:large, max-video-preview:-1\" \/>\n<link rel=\"canonical\" href=\"https:\/\/www.chateaudebossey.ch\/fr\/banquets\/\" \/>\n<meta property=\"og:locale\" content=\"fr_FR\" \/>\n<meta property=\"og:type\" content=\"article\" \/>\n<meta property=\"og:title\" content=\"Banquets | Ch\u00e2teau de Bossey | Suisse\" \/>\n<meta property=\"og:description\" content=\"Notre salle historique de l&#039;Orangerie ainsi que notre terrasse et jardin, vous accueille pour vos r\u00e9ceptions, cocktails ou banquets au Ch\u00e2teau de Bossey.\" \/>\n<meta property=\"og:url\" content=\"https:\/\/www.chateaudebossey.ch\/fr\/banquets\/\" \/>\n<meta property=\"og:site_name\" content=\"Ch\u00e2teau de Bossey\" \/>\n<meta property=\"article:modified_time\" content=\"2025-03-20T15:21:48+00:00\" \/>\n<meta property=\"og:image\" content=\"https:\/\/www.chateaudebossey.ch\/wp-content\/uploads\/2019\/05\/chateau-de-bossey-picto-tel-.png\" \/>\n<meta name=\"twitter:card\" content=\"summary_large_image\" \/>\n<meta name=\"twitter:label1\" content=\"Dur\u00e9e de lecture est.\">\n\t<meta name=\"twitter:data1\" content=\"7 minutes\">\n<script type=\"application\/ld+json\" class=\"yoast-schema-graph\">{\"@context\":\"https:\/\/schema.org\",\"@graph\":[{\"@type\":\"WebSite\",\"@id\":\"https:\/\/www.chateaudebossey.ch\/#website\",\"url\":\"https:\/\/www.chateaudebossey.ch\/\",\"name\":\"Ch\\u00e2teau de Bossey\",\"description\":\"\",\"potentialAction\":[{\"@type\":\"SearchAction\",\"target\":\"https:\/\/www.chateaudebossey.ch\/?s={search_term_string}\",\"query-input\":\"required name=search_term_string\"}],\"inLanguage\":\"fr-FR\"},{\"@type\":\"ImageObject\",\"@id\":\"https:\/\/www.chateaudebossey.ch\/fr\/banquets\/#primaryimage\",\"inLanguage\":\"fr-FR\",\"url\":\"https:\/\/www.chateaudebossey.ch\/wp-content\/uploads\/2019\/05\/chateau-de-bossey-picto-tel-.png\",\"contentUrl\":\"https:\/\/www.chateaudebossey.ch\/wp-content\/uploads\/2019\/05\/chateau-de-bossey-picto-tel-.png\",\"width\":24,\"height\":24,\"caption\":\"Chateau de Bossey - Picto tel\"},{\"@type\":\"WebPage\",\"@id\":\"https:\/\/www.chateaudebossey.ch\/fr\/banquets\/#webpage\",\"url\":\"https:\/\/www.chateaudebossey.ch\/fr\/banquets\/\",\"name\":\"Banquets | Ch\\u00e2teau de Bossey | Suisse\",\"isPartOf\":{\"@id\":\"https:\/\/www.chateaudebossey.ch\/#website\"},\"primaryImageOfPage\":{\"@id\":\"https:\/\/www.chateaudebossey.ch\/fr\/banquets\/#primaryimage\"},\"datePublished\":\"2019-05-09T15:39:32+00:00\",\"dateModified\":\"2025-03-20T15:21:48+00:00\",\"description\":\"Notre salle historique de l'Orangerie ainsi que notre terrasse et jardin, vous accueille pour vos r\\u00e9ceptions, cocktails ou banquets au Ch\\u00e2teau de Bossey.\",\"breadcrumb\":{\"@id\":\"https:\/\/www.chateaudebossey.ch\/fr\/banquets\/#breadcrumb\"},\"inLanguage\":\"fr-FR\",\"potentialAction\":[{\"@type\":\"ReadAction\",\"target\":[\"https:\/\/www.chateaudebossey.ch\/fr\/banquets\/\"]}]},{\"@type\":\"BreadcrumbList\",\"@id\":\"https:\/\/www.chateaudebossey.ch\/fr\/banquets\/#breadcrumb\",\"itemListElement\":[{\"@type\":\"ListItem\",\"position\":1,\"item\":{\"@type\":\"WebPage\",\"@id\":\"https:\/\/www.chateaudebossey.ch\/fr\/\",\"url\":\"https:\/\/www.chateaudebossey.ch\/fr\/\",\"name\":\"Accueil\"}},{\"@type\":\"ListItem\",\"position\":2,\"item\":{\"@id\":\"https:\/\/www.chateaudebossey.ch\/fr\/banquets\/#webpage\"}}]}]}<\/script>\n<!-- \/ Yoast SEO plugin. -->","_links":{"self":[{"href":"https:\/\/www.chateaudebossey.ch\/fr\/wp-json\/wp\/v2\/pages\/9305","targetHints":{"allow":["GET"]}}],"collection":[{"href":"https:\/\/www.chateaudebossey.ch\/fr\/wp-json\/wp\/v2\/pages"}],"about":[{"href":"https:\/\/www.chateaudebossey.ch\/fr\/wp-json\/wp\/v2\/types\/page"}],"author":[{"embeddable":true,"href":"https:\/\/www.chateaudebossey.ch\/fr\/wp-json\/wp\/v2\/users\/1"}],"replies":[{"embeddable":true,"href":"https:\/\/www.chateaudebossey.ch\/fr\/wp-json\/wp\/v2\/comments?post=9305"}],"version-history":[{"count":9,"href":"https:\/\/www.chateaudebossey.ch\/fr\/wp-json\/wp\/v2\/pages\/9305\/revisions"}],"predecessor-version":[{"id":9878,"href":"https:\/\/www.chateaudebossey.ch\/fr\/wp-json\/wp\/v2\/pages\/9305\/revisions\/9878"}],"wp:attachment":[{"href":"https:\/\/www.chateaudebossey.ch\/fr\/wp-json\/wp\/v2\/media?parent=9305"}],"curies":[{"name":"wp","href":"https:\/\/api.w.org\/{rel}","templated":true}]}}