{"id":9312,"date":"2019-05-09T15:42:19","date_gmt":"2019-05-09T15:42:19","guid":{"rendered":"https:\/\/www.chateaudebossey.ch\/gallery\/"},"modified":"2019-06-11T13:30:00","modified_gmt":"2019-06-11T13:30:00","slug":"galerie","status":"publish","type":"page","link":"https:\/\/www.chateaudebossey.ch\/fr\/galerie\/","title":{"rendered":"Galerie"},"content":{"rendered":"<p>[et_pb_section fb_built=\u00a0\u00bb1&Prime; module_id=\u00a0\u00bbheader-intern-section\u00a0\u00bb _builder_version=\u00a0\u00bb3.22.7&Prime;][et_pb_row _builder_version=\u00a0\u00bb3.22.7&Prime; background_image=\u00a0\u00bbhttps:\/\/www.chateaudebossey.ch\/wp-content\/uploads\/2019\/05\/chateau-de-bossey-header-intern-1.jpg\u00a0\u00bb width=\u00a0\u00bb100%\u00a0\u00bb][et_pb_column type=\u00a0\u00bb4_4&Prime; _builder_version=\u00a0\u00bb3.22.7&Prime;][et_pb_text _builder_version=\u00a0\u00bb3.22.7&Prime; text_font=\u00a0\u00bb||||||||\u00a0\u00bb header_font=\u00a0\u00bb|700|||||||\u00a0\u00bb header_text_align=\u00a0\u00bbcenter\u00a0\u00bb header_text_color=\u00a0\u00bb#ffffff\u00a0\u00bb header_font_size=\u00a0\u00bb78px\u00a0\u00bb text_orientation=\u00a0\u00bbcenter\u00a0\u00bb]<\/p>\n<h1>Galerie<\/h1>\n<p>[\/et_pb_text][\/et_pb_column][\/et_pb_row][\/et_pb_section][et_pb_section fb_built=\u00a0\u00bb1&Prime; _builder_version=\u00a0\u00bb3.22.7&Prime;][et_pb_row _builder_version=\u00a0\u00bb3.22.7&Prime;][et_pb_column type=\u00a0\u00bb4_4&Prime; _builder_version=\u00a0\u00bb3.22.7&Prime;][et_pb_gallery gallery_ids=\u00a0\u00bb2076,2073,2075,2080,2077,2074,2079,2078,2087,2094,2093,2095,2097,2096,2083,2081,2085,2084,2086,2101,2100,2102,2099,2091,2089,2090,2092,2088&Prime; posts_number=\u00a0\u00bb30&Prime; show_title_and_caption=\u00a0\u00bboff\u00a0\u00bb show_pagination=\u00a0\u00bboff\u00a0\u00bb _builder_version=\u00a0\u00bb3.22.7&Prime; caption_font=\u00a0\u00bb||||||||\u00a0\u00bb caption_text_color=\u00a0\u00bbrgba(0,0,0,0)\u00a0\u00bb pagination_font=\u00a0\u00bb||||||||\u00a0\u00bb pagination_text_color=\u00a0\u00bbrgba(0,0,0,0)\u00a0\u00bb animation_style=\u00a0\u00bbfade\u00a0\u00bb][\/et_pb_gallery][\/et_pb_column][\/et_pb_row][\/et_pb_section][et_pb_section fb_built=\u00a0\u00bb1&Prime; admin_label=\u00a0\u00bbFOOTER EN\u00a0\u00bb module_id=\u00a0\u00bbfooter\u00a0\u00bb module_class=\u00a0\u00bbfooter\u00a0\u00bb _builder_version=\u00a0\u00bb3.22.7&Prime; width=\u00a0\u00bb100%\u00a0\u00bb saved_tabs=\u00a0\u00bball\u00a0\u00bb global_module=\u00a0\u00bb9286&Prime;][et_pb_row custom_margin=\u00a0\u00bb||||true\u00a0\u00bb disabled_on=\u00a0\u00bboff|off|off\u00a0\u00bb admin_label=\u00a0\u00bbVagues + logo\u00a0\u00bb module_class=\u00a0\u00bbfooter-logo-vagues\u00a0\u00bb _builder_version=\u00a0\u00bb3.22.7&Prime; background_image=\u00a0\u00bbhttps:\/\/www.chateaudebossey.ch\/wp-content\/uploads\/2019\/05\/chateau-de-bossey-vagues.png\u00a0\u00bb width=\u00a0\u00bb100%\u00a0\u00bb max_width=\u00a0\u00bb1920px\u00a0\u00bb height=\u00a0\u00bb446px\u00a0\u00bb][et_pb_column type=\u00a0\u00bb1_4&Prime; _builder_version=\u00a0\u00bb3.22.7&Prime;][et_pb_image src=\u00a0\u00bbhttps:\/\/www.chateaudebossey.ch\/wp-content\/uploads\/2019\/05\/chateau-de-bossey-logo-plein-vert.png\u00a0\u00bb admin_label=\u00a0\u00bbLogo \u00a0\u00bb module_class=\u00a0\u00bbfooter-logo-vert\u00a0\u00bb _builder_version=\u00a0\u00bb3.22.7&Prime; max_width=\u00a0\u00bb250px\u00a0\u00bb][\/et_pb_image][\/et_pb_column][et_pb_column type=\u00a0\u00bb1_4&Prime; _builder_version=\u00a0\u00bb3.22.7&Prime;][\/et_pb_column][et_pb_column type=\u00a0\u00bb1_4&Prime; _builder_version=\u00a0\u00bb3.22.7&Prime;][\/et_pb_column][et_pb_column type=\u00a0\u00bb1_4&Prime; _builder_version=\u00a0\u00bb3.22.7&Prime;][\/et_pb_column][\/et_pb_row][et_pb_row custom_padding=\u00a0\u00bb0px||0px\u00a0\u00bb _builder_version=\u00a0\u00bb3.22.7&Prime; width=\u00a0\u00bb100%\u00a0\u00bb max_width=\u00a0\u00bb1920px\u00a0\u00bb min_height=\u00a0\u00bb440px\u00a0\u00bb][et_pb_column type=\u00a0\u00bb4_4&Prime; _builder_version=\u00a0\u00bb3.22.7&Prime;][et_pb_cta button_url=\u00a0\u00bbhttps:\/\/reservation.hotel-spider.com\/default.aspx?View=Booking1&#038;HotelID=2988481&#038;Language=1&Prime; url_new_window=\u00a0\u00bbon\u00a0\u00bb button_text=\u00a0\u00bbR\u00e9server\u00a0\u00bb admin_label=\u00a0\u00bbR\u00e9server + bg\u00a0\u00bb module_class=\u00a0\u00bbfooter-book\u00a0\u00bb _builder_version=\u00a0\u00bb3.22.7&Prime; body_font=\u00a0\u00bbIstokweb Regular||||||||\u00a0\u00bb background_image=\u00a0\u00bbhttps:\/\/www.chateaudebossey.ch\/wp-content\/uploads\/2019\/05\/chateau-de-bossey-footer-1920&#215;460.jpg\u00a0\u00bb custom_button=\u00a0\u00bbon\u00a0\u00bb button_text_size=\u00a0\u00bb16px\u00a0\u00bb button_text_color=\u00a0\u00bb#ffffff\u00a0\u00bb button_bg_color=\u00a0\u00bb#37ab49&Prime; button_font=\u00a0\u00bbMontserrat Bold|700|||||||\u00a0\u00bb button_use_icon=\u00a0\u00bboff\u00a0\u00bb text_orientation=\u00a0\u00bbjustified\u00a0\u00bb custom_padding=\u00a0\u00bb||||true|true\u00a0\u00bb][\/et_pb_cta][\/et_pb_column][\/et_pb_row][et_pb_row custom_padding=\u00a0\u00bb15px||15px||true\u00a0\u00bb disabled_on=\u00a0\u00bbon|on|off\u00a0\u00bb module_class=\u00a0\u00bbfooter-bloc-infos\u00a0\u00bb _builder_version=\u00a0\u00bb3.22.7&Prime;][et_pb_column type=\u00a0\u00bb1_3&Prime; _builder_version=\u00a0\u00bb3.22.7&Prime;][et_pb_blurb url=\u00a0\u00bbhttps:\/\/goo.gl\/maps\/JmmuokwCV5yUaLER6&Prime; use_icon=\u00a0\u00bbon\u00a0\u00bb font_icon=\u00a0\u00bb%%249%%\u00a0\u00bb icon_placement=\u00a0\u00bbleft\u00a0\u00bb use_icon_font_size=\u00a0\u00bbon\u00a0\u00bb icon_font_size=\u00a0\u00bb22px\u00a0\u00bb admin_label=\u00a0\u00bbAdresse\u00a0\u00bb module_class=\u00a0\u00bbfooter-adress-icon\u00a0\u00bb _builder_version=\u00a0\u00bb3.22.7&Prime; header_font=\u00a0\u00bb||||||||\u00a0\u00bb body_font=\u00a0\u00bbRoboto Regular||||||||\u00a0\u00bb body_text_color=\u00a0\u00bb#373737&Prime; body_font_size=\u00a0\u00bb16px\u00a0\u00bb body_font_size_phone=\u00a0\u00bb16px\u00a0\u00bb body_font_size_last_edited=\u00a0\u00bbon|desktop\u00a0\u00bb body_line_height=\u00a0\u00bb1.4em\u00a0\u00bb]<a href=\"https:\/\/goo.gl\/maps\/JmmuokwCV5yUaLER6\" target=\"_blank\" rel=\"noopener noreferrer\">Chemin Chenevi\u00e8re 2,<br \/>\n1279 Bogis-Bossey (VD)<br \/>\nSuisse<\/a>[\/et_pb_blurb][\/et_pb_column][et_pb_column type=\u00a0\u00bb1_3&Prime; _builder_version=\u00a0\u00bb3.22.7&Prime;][et_pb_blurb url=\u00a0\u00bbtel:+41(0)229607300&Prime; use_icon=\u00a0\u00bbon\u00a0\u00bb font_icon=\u00a0\u00bb%%264%%\u00a0\u00bb icon_placement=\u00a0\u00bbleft\u00a0\u00bb use_icon_font_size=\u00a0\u00bbon\u00a0\u00bb icon_font_size=\u00a0\u00bb22px\u00a0\u00bb admin_label=\u00a0\u00bbtel\u00a0\u00bb _builder_version=\u00a0\u00bb3.22.7&Prime; header_font=\u00a0\u00bb||||||||\u00a0\u00bb body_font=\u00a0\u00bbRoboto Regular||||||||\u00a0\u00bb body_text_color=\u00a0\u00bb#373737&Prime; body_font_size=\u00a0\u00bb16px\u00a0\u00bb body_font_size_phone=\u00a0\u00bb16px\u00a0\u00bb body_font_size_last_edited=\u00a0\u00bbon|desktop\u00a0\u00bb]<\/p>\n<p><a href=\"tel:+41(0)229607300\">+41 (0)22 960 73 00<\/a><\/p>\n<p>[\/et_pb_blurb][\/et_pb_column][et_pb_column type=\u00a0\u00bb1_3&Prime; _builder_version=\u00a0\u00bb3.22.7&Prime;][et_pb_blurb url=\u00a0\u00bbmailto:bossey@wcc-coe.org\u00a0\u00bb use_icon=\u00a0\u00bbon\u00a0\u00bb font_icon=\u00a0\u00bb%%238%%\u00a0\u00bb icon_placement=\u00a0\u00bbleft\u00a0\u00bb use_icon_font_size=\u00a0\u00bbon\u00a0\u00bb icon_font_size=\u00a0\u00bb22px\u00a0\u00bb admin_label=\u00a0\u00bbmail\u00a0\u00bb _builder_version=\u00a0\u00bb3.22.7&Prime; body_font=\u00a0\u00bbRoboto Regular||||||||\u00a0\u00bb body_text_color=\u00a0\u00bb#373737&Prime; body_font_size=\u00a0\u00bb16px\u00a0\u00bb body_font_size_phone=\u00a0\u00bb16px\u00a0\u00bb body_font_size_last_edited=\u00a0\u00bbon|desktop\u00a0\u00bb]<\/p>\n<p><a href=\"mailto:bossey@wcc-coe.org\">bossey@wcc-coe.org<\/a><\/p>\n<p>[\/et_pb_blurb][\/et_pb_column][\/et_pb_row][et_pb_row custom_padding=\u00a0\u00bb17px||17px||true\u00a0\u00bb module_class=\u00a0\u00bbfooter-legal-notice\u00a0\u00bb _builder_version=\u00a0\u00bb3.22.7&Prime; background_color=\u00a0\u00bb#37ab49&Prime; width=\u00a0\u00bb100%\u00a0\u00bb max_width=\u00a0\u00bb1920px\u00a0\u00bb][et_pb_column type=\u00a0\u00bb4_4&Prime; _builder_version=\u00a0\u00bb3.22.7&Prime;][et_pb_text module_class=\u00a0\u00bbfooter-legal-notices-mod\u00a0\u00bb _builder_version=\u00a0\u00bb3.22.7&Prime; text_font=\u00a0\u00bbRoboto Regular||||||||\u00a0\u00bb text_text_color=\u00a0\u00bb#ffffff\u00a0\u00bb text_font_size_phone=\u00a0\u00bb16px\u00a0\u00bb text_font_size_last_edited=\u00a0\u00bbon|phone\u00a0\u00bb link_font=\u00a0\u00bbRoboto Regular||||||||\u00a0\u00bb link_text_color=\u00a0\u00bb#ffffff\u00a0\u00bb link_font_size=\u00a0\u00bb16px\u00a0\u00bb header_font=\u00a0\u00bb||||||||\u00a0\u00bb header_2_font=\u00a0\u00bbMontserrat Bold||||||||\u00a0\u00bb header_2_text_color=\u00a0\u00bb#373737&Prime; header_2_font_size=\u00a0\u00bb28px\u00a0\u00bb]<\/p>\n<p><a href=\"#\">Ch\u00e2teau de Bossey<\/a><\/p>\n<p><a href=\"\/mentions-legales\">Mentions l\u00e9gales\u00a0<\/a>| <a href=\"#\">RGPD<\/a><\/p>\n<p>[\/et_pb_text][et_pb_image src=\u00a0\u00bbhttps:\/\/www.chateaudebossey.ch\/wp-content\/uploads\/2019\/05\/chateau-de-bossey-logo-conseil-oecumenique-EN.png\u00a0\u00bb url=\u00a0\u00bbhttps:\/\/www.oikoumene.org\u00a0\u00bb url_new_window=\u00a0\u00bbon\u00a0\u00bb module_class=\u00a0\u00bbfooter-legal-notices-img\u00a0\u00bb _builder_version=\u00a0\u00bb3.22.7&Prime;][\/et_pb_image][\/et_pb_column][\/et_pb_row][\/et_pb_section][et_pb_section fb_built=\u00a0\u00bb1&Prime; disabled_on=\u00a0\u00bb||on\u00a0\u00bb admin_label=\u00a0\u00bbMobile Sticky Footer | Section | EN\u00a0\u00bb module_class=\u00a0\u00bbmobile-sticky-footer\u00a0\u00bb _builder_version=\u00a0\u00bb3.22.7&Prime; background_color=\u00a0\u00bb#37ab49&Prime; box_shadow_style=\u00a0\u00bbpreset1&Prime; custom_padding=\u00a0\u00bb0px|0px|0px|0px\u00a0\u00bb custom_css_main_element=\u00a0\u00bb position: fixed;|| z-index: 1100;|| width: 100%;|| bottom: 0;|| height: 50px;\u00a0\u00bb global_module=\u00a0\u00bb9283&Prime;][et_pb_row use_custom_gutter=\u00a0\u00bbon\u00a0\u00bb gutter_width=\u00a0\u00bb1&Prime; custom_padding=\u00a0\u00bb4px|0px|15px|0px\u00a0\u00bb admin_label=\u00a0\u00bbMobile Sticky Footer | Row\u00a0\u00bb _builder_version=\u00a0\u00bb3.22.3&Prime; width=\u00a0\u00bb100%\u00a0\u00bb max_width=\u00a0\u00bb100%\u00a0\u00bb use_custom_width=\u00a0\u00bbon\u00a0\u00bb width_unit=\u00a0\u00bboff\u00a0\u00bb custom_width_percent=\u00a0\u00bb100%\u00a0\u00bb][et_pb_column type=\u00a0\u00bb4_4&Prime; _builder_version=\u00a0\u00bb3.0.47&Prime;][et_pb_text admin_label=\u00a0\u00bbMobile-Sticky-Footer\u00a0\u00bb _builder_version=\u00a0\u00bb3.22.7&Prime; text_font=\u00a0\u00bbMontserrat|300|||||||\u00a0\u00bb text_text_color=\u00a0\u00bb#977486&Prime; text_font_size=\u00a0\u00bb16px\u00a0\u00bb header_2_font=\u00a0\u00bbMontserrat Bold||||||||\u00a0\u00bb header_2_text_color=\u00a0\u00bb#373737&Prime; header_2_font_size=\u00a0\u00bb28px\u00a0\u00bb custom_padding=\u00a0\u00bb12px|20px|20px|20px||true\u00a0\u00bb]<a href=\"tel:+41(0)229607300\"><img loading=\"lazy\" decoding=\"async\" src=\"https:\/\/www.chateaudebossey.ch\/wp-content\/uploads\/2019\/05\/chateau-de-bossey-picto-tel-.png\" width=\"24\" height=\"24\" alt=\"Chateau de Bossey - Picto tel\" class=\"wp-image-1428 alignnone size-full\" \/><\/a><a href=\"mailto:bossey@wcc-coe.org\"><img loading=\"lazy\" decoding=\"async\" src=\"https:\/\/www.chateaudebossey.ch\/wp-content\/uploads\/2019\/05\/chateau-de-bossey-picto-mail-1.png\" width=\"24\" height=\"24\" alt=\"Chateau de Bossey - Picto mail\" class=\"wp-image-1427 alignnone size-full\" \/><\/a><a href=\"https:\/\/goo.gl\/maps\/tpD14tLpaPi17rHy6\" target=\"_blank\" rel=\"noopener noreferrer\"><img loading=\"lazy\" decoding=\"async\" src=\"https:\/\/www.chateaudebossey.ch\/wp-content\/uploads\/2019\/05\/chateau-de-bossey-picto-map.png\" width=\"24\" height=\"24\" alt=\"Chateau de Bossey - Picto pin\" class=\"wp-image-1426 alignnone size-full\" \/><\/a>[\/et_pb_text][\/et_pb_column][\/et_pb_row][\/et_pb_section]<\/p>\n","protected":false},"excerpt":{"rendered":"<p>[et_pb_section fb_built=\u00a0\u00bb1&Prime; module_id=\u00a0\u00bbheader-intern-section\u00a0\u00bb _builder_version=\u00a0\u00bb3.22.7&Prime;][et_pb_row _builder_version=\u00a0\u00bb3.22.7&Prime; background_image=\u00a0\u00bbhttps:\/\/www.chateaudebossey.ch\/wp-content\/uploads\/2019\/05\/chateau-de-bossey-header-intern-1.jpg\u00a0\u00bb width=\u00a0\u00bb100%\u00a0\u00bb][et_pb_column type=\u00a0\u00bb4_4&Prime; _builder_version=\u00a0\u00bb3.22.7&Prime;][et_pb_text _builder_version=\u00a0\u00bb3.22.7&Prime; text_font=\u00a0\u00bb||||||||\u00a0\u00bb header_font=\u00a0\u00bb|700|||||||\u00a0\u00bb header_text_align=\u00a0\u00bbcenter\u00a0\u00bb header_text_color=\u00a0\u00bb#ffffff\u00a0\u00bb header_font_size=\u00a0\u00bb78px\u00a0\u00bb text_orientation=\u00a0\u00bbcenter\u00a0\u00bb] Galerie [\/et_pb_text][\/et_pb_column][\/et_pb_row][\/et_pb_section][et_pb_section fb_built=\u00a0\u00bb1&Prime; _builder_version=\u00a0\u00bb3.22.7&Prime;][et_pb_row _builder_version=\u00a0\u00bb3.22.7&Prime;][et_pb_column type=\u00a0\u00bb4_4&Prime; _builder_version=\u00a0\u00bb3.22.7&Prime;][et_pb_gallery gallery_ids=\u00a0\u00bb2076,2073,2075,2080,2077,2074,2079,2078,2087,2094,2093,2095,2097,2096,2083,2081,2085,2084,2086,2101,2100,2102,2099,2091,2089,2090,2092,2088&Prime; posts_number=\u00a0\u00bb30&Prime; show_title_and_caption=\u00a0\u00bboff\u00a0\u00bb show_pagination=\u00a0\u00bboff\u00a0\u00bb _builder_version=\u00a0\u00bb3.22.7&Prime; caption_font=\u00a0\u00bb||||||||\u00a0\u00bb caption_text_color=\u00a0\u00bbrgba(0,0,0,0)\u00a0\u00bb pagination_font=\u00a0\u00bb||||||||\u00a0\u00bb pagination_text_color=\u00a0\u00bbrgba(0,0,0,0)\u00a0\u00bb animation_style=\u00a0\u00bbfade\u00a0\u00bb][\/et_pb_gallery][\/et_pb_column][\/et_pb_row][\/et_pb_section][et_pb_section fb_built=\u00a0\u00bb1&Prime; admin_label=\u00a0\u00bbFOOTER EN\u00a0\u00bb module_id=\u00a0\u00bbfooter\u00a0\u00bb module_class=\u00a0\u00bbfooter\u00a0\u00bb _builder_version=\u00a0\u00bb3.22.7&Prime; width=\u00a0\u00bb100%\u00a0\u00bb saved_tabs=\u00a0\u00bball\u00a0\u00bb global_module=\u00a0\u00bb9286&Prime;][et_pb_row custom_margin=\u00a0\u00bb||||true\u00a0\u00bb disabled_on=\u00a0\u00bboff|off|off\u00a0\u00bb admin_label=\u00a0\u00bbVagues + logo\u00a0\u00bb module_class=\u00a0\u00bbfooter-logo-vagues\u00a0\u00bb _builder_version=\u00a0\u00bb3.22.7&Prime; background_image=\u00a0\u00bbhttps:\/\/www.chateaudebossey.ch\/wp-content\/uploads\/2019\/05\/chateau-de-bossey-vagues.png\u00a0\u00bb width=\u00a0\u00bb100%\u00a0\u00bb max_width=\u00a0\u00bb1920px\u00a0\u00bb height=\u00a0\u00bb446px\u00a0\u00bb][et_pb_column type=\u00a0\u00bb1_4&Prime; _builder_version=\u00a0\u00bb3.22.7&Prime;][et_pb_image [&hellip;]<\/p>\n","protected":false},"author":1,"featured_media":0,"parent":0,"menu_order":0,"comment_status":"closed","ping_status":"closed","template":"","meta":{"_et_pb_use_builder":"on","_et_pb_old_content":"","_et_gb_content_width":"","footnotes":""},"class_list":["post-9312","page","type-page","status-publish","hentry"],"yoast_head":"<!-- This site is optimized with the Yoast SEO plugin v16.3 - https:\/\/yoast.com\/wordpress\/plugins\/seo\/ -->\n<title>Galerie | Ch\u00e2teau de Bossey | Suisse<\/title>\n<meta name=\"description\" content=\"Avez-vous d\u00e9j\u00e0 r\u00eav\u00e9 de passer quelques jours sur les rives du Lac L\u00e9man ? Voici un aper\u00e7u de votre s\u00e9jour au Ch\u00e2teau de Bossey.\" \/>\n<meta name=\"robots\" content=\"index, follow, max-snippet:-1, max-image-preview:large, max-video-preview:-1\" \/>\n<link rel=\"canonical\" href=\"https:\/\/www.chateaudebossey.ch\/fr\/galerie\/\" \/>\n<meta property=\"og:locale\" content=\"fr_FR\" \/>\n<meta property=\"og:type\" content=\"article\" \/>\n<meta property=\"og:title\" content=\"Galerie | Ch\u00e2teau de Bossey | Suisse\" \/>\n<meta property=\"og:description\" content=\"Avez-vous d\u00e9j\u00e0 r\u00eav\u00e9 de passer quelques jours sur les rives du Lac L\u00e9man ? Voici un aper\u00e7u de votre s\u00e9jour au Ch\u00e2teau de Bossey.\" \/>\n<meta property=\"og:url\" content=\"https:\/\/www.chateaudebossey.ch\/fr\/galerie\/\" \/>\n<meta property=\"og:site_name\" content=\"Ch\u00e2teau de Bossey\" \/>\n<meta property=\"article:modified_time\" content=\"2019-06-11T13:30:00+00:00\" \/>\n<meta property=\"og:image\" content=\"https:\/\/www.chateaudebossey.ch\/wp-content\/uploads\/2019\/05\/chateau-de-bossey-picto-tel-.png\" \/>\n<meta name=\"twitter:card\" content=\"summary_large_image\" \/>\n<meta name=\"twitter:label1\" content=\"Dur\u00e9e de lecture est.\">\n\t<meta name=\"twitter:data1\" content=\"4 minutes\">\n<script type=\"application\/ld+json\" class=\"yoast-schema-graph\">{\"@context\":\"https:\/\/schema.org\",\"@graph\":[{\"@type\":\"WebSite\",\"@id\":\"https:\/\/www.chateaudebossey.ch\/#website\",\"url\":\"https:\/\/www.chateaudebossey.ch\/\",\"name\":\"Ch\\u00e2teau de Bossey\",\"description\":\"\",\"potentialAction\":[{\"@type\":\"SearchAction\",\"target\":\"https:\/\/www.chateaudebossey.ch\/?s={search_term_string}\",\"query-input\":\"required name=search_term_string\"}],\"inLanguage\":\"fr-FR\"},{\"@type\":\"ImageObject\",\"@id\":\"https:\/\/www.chateaudebossey.ch\/fr\/galerie\/#primaryimage\",\"inLanguage\":\"fr-FR\",\"url\":\"https:\/\/www.chateaudebossey.ch\/wp-content\/uploads\/2019\/05\/chateau-de-bossey-picto-tel-.png\",\"contentUrl\":\"https:\/\/www.chateaudebossey.ch\/wp-content\/uploads\/2019\/05\/chateau-de-bossey-picto-tel-.png\",\"width\":24,\"height\":24,\"caption\":\"Chateau de Bossey - Picto tel\"},{\"@type\":\"WebPage\",\"@id\":\"https:\/\/www.chateaudebossey.ch\/fr\/galerie\/#webpage\",\"url\":\"https:\/\/www.chateaudebossey.ch\/fr\/galerie\/\",\"name\":\"Galerie | Ch\\u00e2teau de Bossey | Suisse\",\"isPartOf\":{\"@id\":\"https:\/\/www.chateaudebossey.ch\/#website\"},\"primaryImageOfPage\":{\"@id\":\"https:\/\/www.chateaudebossey.ch\/fr\/galerie\/#primaryimage\"},\"datePublished\":\"2019-05-09T15:42:19+00:00\",\"dateModified\":\"2019-06-11T13:30:00+00:00\",\"description\":\"Avez-vous d\\u00e9j\\u00e0 r\\u00eav\\u00e9 de passer quelques jours sur les rives du Lac L\\u00e9man ? Voici un aper\\u00e7u de votre s\\u00e9jour au Ch\\u00e2teau de Bossey.\",\"breadcrumb\":{\"@id\":\"https:\/\/www.chateaudebossey.ch\/fr\/galerie\/#breadcrumb\"},\"inLanguage\":\"fr-FR\",\"potentialAction\":[{\"@type\":\"ReadAction\",\"target\":[\"https:\/\/www.chateaudebossey.ch\/fr\/galerie\/\"]}]},{\"@type\":\"BreadcrumbList\",\"@id\":\"https:\/\/www.chateaudebossey.ch\/fr\/galerie\/#breadcrumb\",\"itemListElement\":[{\"@type\":\"ListItem\",\"position\":1,\"item\":{\"@type\":\"WebPage\",\"@id\":\"https:\/\/www.chateaudebossey.ch\/fr\/\",\"url\":\"https:\/\/www.chateaudebossey.ch\/fr\/\",\"name\":\"Accueil\"}},{\"@type\":\"ListItem\",\"position\":2,\"item\":{\"@id\":\"https:\/\/www.chateaudebossey.ch\/fr\/galerie\/#webpage\"}}]}]}<\/script>\n<!-- \/ Yoast SEO plugin. -->","_links":{"self":[{"href":"https:\/\/www.chateaudebossey.ch\/fr\/wp-json\/wp\/v2\/pages\/9312","targetHints":{"allow":["GET"]}}],"collection":[{"href":"https:\/\/www.chateaudebossey.ch\/fr\/wp-json\/wp\/v2\/pages"}],"about":[{"href":"https:\/\/www.chateaudebossey.ch\/fr\/wp-json\/wp\/v2\/types\/page"}],"author":[{"embeddable":true,"href":"https:\/\/www.chateaudebossey.ch\/fr\/wp-json\/wp\/v2\/users\/1"}],"replies":[{"embeddable":true,"href":"https:\/\/www.chateaudebossey.ch\/fr\/wp-json\/wp\/v2\/comments?post=9312"}],"version-history":[{"count":4,"href":"https:\/\/www.chateaudebossey.ch\/fr\/wp-json\/wp\/v2\/pages\/9312\/revisions"}],"predecessor-version":[{"id":9399,"href":"https:\/\/www.chateaudebossey.ch\/fr\/wp-json\/wp\/v2\/pages\/9312\/revisions\/9399"}],"wp:attachment":[{"href":"https:\/\/www.chateaudebossey.ch\/fr\/wp-json\/wp\/v2\/media?parent=9312"}],"curies":[{"name":"wp","href":"https:\/\/api.w.org\/{rel}","templated":true}]}}